{"id":1554,"date":"2025-04-22T11:54:42","date_gmt":"2025-04-22T11:54:42","guid":{"rendered":"https:\/\/www.krimwell-perfume.com\/avaliacao\/"},"modified":"2025-04-22T11:54:42","modified_gmt":"2025-04-22T11:54:42","slug":"avaliacao","status":"publish","type":"page","link":"https:\/\/www.krimwell-perfume.com\/pt-pt\/avaliacao\/","title":{"rendered":"Avalia\u00e7\u00e3o"},"content":{"rendered":"<p>Gostar\u00edamos muito de receber a sua avalia\u00e7\u00e3o dos nossos perfumes.<\/p>\n\n<div class=\"wpcf7 no-js\" id=\"wpcf7-f1560-o1\" lang=\"pt-PT\" dir=\"ltr\" data-wpcf7-id=\"1560\">\n<div class=\"screen-reader-response\"><p role=\"status\" aria-live=\"polite\" aria-atomic=\"true\"><\/p> <ul><\/ul><\/div>\n<form action=\"\/pt-pt\/wp-json\/wp\/v2\/pages\/1554#wpcf7-f1560-o1\" method=\"post\" class=\"wpcf7-form init\" aria-label=\"Formul\u00e1rio de contacto\" novalidate=\"novalidate\" data-status=\"init\">\n<fieldset class=\"hidden-fields-container\"><input type=\"hidden\" name=\"_wpcf7\" value=\"1560\" \/><input type=\"hidden\" name=\"_wpcf7_version\" value=\"6.1.4\" \/><input type=\"hidden\" name=\"_wpcf7_locale\" value=\"pt_PT\" \/><input type=\"hidden\" name=\"_wpcf7_unit_tag\" value=\"wpcf7-f1560-o1\" \/><input type=\"hidden\" name=\"_wpcf7_container_post\" value=\"0\" \/><input type=\"hidden\" name=\"_wpcf7_posted_data_hash\" value=\"\" \/><input type=\"hidden\" name=\"_wpcf7_recaptcha_response\" value=\"\" \/>\n<\/fieldset>\n<p><label> Nome do perfume *<br \/>\n<span class=\"wpcf7-form-control-wrap\" data-name=\"perfume-name\"><select class=\"wpcf7-form-control wpcf7-select wpcf7-validates-as-required\" aria-required=\"true\" aria-invalid=\"false\" name=\"perfume-name\"><option value=\"Tangaroana\">Tangaroana<\/option><option value=\"Maramaia\">Maramaia<\/option><option value=\"Whenuatapu\">Whenuatapu<\/option><option value=\"Tanehuia\">Tanehuia<\/option><option value=\"Arohaia\">Arohaia<\/option><option value=\"Rahuihui\">Rahuihui<\/option><\/select><\/span> <\/label>\n<\/p>\n<p><label> Impress\u00f5es gerais *<\/label><br \/>\n<span class=\"wpcf7-form-control-wrap\" data-name=\"impressions\"><textarea cols=\"40\" rows=\"5\" maxlength=\"2000\" class=\"wpcf7-form-control wpcf7-textarea wpcf7-validates-as-required\" aria-required=\"true\" aria-invalid=\"false\" placeholder=\"Coment\u00e1rios\" name=\"impressions\"><\/textarea><\/span>\n<\/p>\n<p><label> Identifica\u00e7\u00e3o de notas olfactivas *<\/label><br \/>\n<span class=\"wpcf7-form-control-wrap\" data-name=\"scent-notes\"><textarea cols=\"40\" rows=\"5\" maxlength=\"2000\" class=\"wpcf7-form-control wpcf7-textarea wpcf7-validates-as-required\" aria-required=\"true\" aria-invalid=\"false\" placeholder=\"Principais notas olfactivas\" name=\"scent-notes\"><\/textarea><\/span>\n<\/p>\n<p><label> Classifica\u00e7\u00e3o da intensidade *<br \/>\n<span class=\"wpcf7-form-control-wrap\" data-name=\"intensity\"><select class=\"wpcf7-form-control wpcf7-select wpcf7-validates-as-required\" aria-required=\"true\" aria-invalid=\"false\" name=\"intensity\"><option value=\"Ligeira\">Ligeira<\/option><option value=\"Moderada\">Moderada<\/option><option value=\"Forte\">Forte<\/option><option value=\"Muito forte\">Muito forte<\/option><option value=\"Extrema\">Extrema<\/option><\/select><\/span> <\/label>\n<\/p>\n<p><label> Longevidade na pele *<br \/>\n<span class=\"wpcf7-form-control-wrap\" data-name=\"longevity\"><select class=\"wpcf7-form-control wpcf7-select wpcf7-validates-as-required\" aria-required=\"true\" aria-invalid=\"false\" name=\"longevity\"><option value=\"Curto\">Curto<\/option><option value=\"Moderado (min 2 horas)\">Moderado (min 2 horas)<\/option><option value=\"Longo (min 4 horas)\">Longo (min 4 horas)<\/option><\/select><\/span> <\/label>\n<\/p>\n<p><label> Experi\u00eancia emocional *<\/label><br \/>\n<span class=\"wpcf7-form-control-wrap\" data-name=\"experience\"><textarea cols=\"40\" rows=\"5\" maxlength=\"2000\" class=\"wpcf7-form-control wpcf7-textarea wpcf7-validates-as-required\" aria-required=\"true\" aria-invalid=\"false\" placeholder=\"Sentimentos ou emo\u00e7\u00f5es espec\u00edficos\" name=\"experience\"><\/textarea><\/span>\n<\/p>\n<p><label> P\u00fablico-alvo *<\/label><br \/>\n<span class=\"wpcf7-form-control-wrap\" data-name=\"audience\"><span class=\"wpcf7-form-control wpcf7-checkbox wpcf7-validates-as-required\"><span class=\"wpcf7-list-item first\"><label><input type=\"checkbox\" name=\"audience[]\" value=\"Homens\" \/><span class=\"wpcf7-list-item-label\">Homens<\/span><\/label><\/span><span class=\"wpcf7-list-item\"><label><input type=\"checkbox\" name=\"audience[]\" value=\"Mulheres\" \/><span class=\"wpcf7-list-item-label\">Mulheres<\/span><\/label><\/span><span class=\"wpcf7-list-item\"><label><input type=\"checkbox\" name=\"audience[]\" value=\"Homens jovens\" \/><span class=\"wpcf7-list-item-label\">Homens jovens<\/span><\/label><\/span><span class=\"wpcf7-list-item last\"><label><input type=\"checkbox\" name=\"audience[]\" value=\"Mulheres jovens\" \/><span class=\"wpcf7-list-item-label\">Mulheres jovens<\/span><\/label><\/span><\/span><\/span>\n<\/p>\n<p><label> Elementos perturbadores *<\/label><br \/>\n<span class=\"wpcf7-form-control-wrap\" data-name=\"disturbing\"><textarea cols=\"40\" rows=\"5\" maxlength=\"2000\" class=\"wpcf7-form-control wpcf7-textarea wpcf7-validates-as-required\" aria-required=\"true\" aria-invalid=\"false\" placeholder=\"Elementos considerados perturbadores\" name=\"disturbing\"><\/textarea><\/span>\n<\/p>\n<p><label> Recomendaria este produto? *<\/label><br \/>\n<span class=\"wpcf7-form-control-wrap\" data-name=\"recommendation\"><textarea cols=\"40\" rows=\"5\" maxlength=\"2000\" class=\"wpcf7-form-control wpcf7-textarea wpcf7-validates-as-required\" aria-required=\"true\" aria-invalid=\"false\" placeholder=\"Sim, porque \/ N\u00e3o\" name=\"recommendation\"><\/textarea><\/span>\n<\/p>\n<p><label> Sugest\u00f5es de melhoria *<br \/>\n<span class=\"wpcf7-form-control-wrap\" data-name=\"suggestions\"><textarea cols=\"40\" rows=\"5\" maxlength=\"2000\" class=\"wpcf7-form-control wpcf7-textarea wpcf7-validates-as-required\" aria-required=\"true\" aria-invalid=\"false\" name=\"suggestions\"><\/textarea><\/span><\/label>\n<\/p>\n<p><label> O seu nome<br \/>\n<span class=\"wpcf7-form-control-wrap\" data-name=\"your-name\"><input size=\"40\" maxlength=\"400\" class=\"wpcf7-form-control wpcf7-text wpcf7-validates-as-required\" autocomplete=\"name\" aria-required=\"true\" aria-invalid=\"false\" value=\"\" type=\"text\" name=\"your-name\" \/><\/span> <\/label>\n<\/p>\n<p><label> O seu correio eletr\u00f3nico<br \/>\n<span class=\"wpcf7-form-control-wrap\" data-name=\"your-email\"><input size=\"40\" maxlength=\"400\" class=\"wpcf7-form-control wpcf7-email wpcf7-validates-as-required wpcf7-text wpcf7-validates-as-email\" autocomplete=\"email\" aria-required=\"true\" aria-invalid=\"false\" value=\"\" type=\"email\" name=\"your-email\" \/><\/span> <\/label>\n<\/p>\n<p><span id=\"wpcf7-69fad6915710c-wrapper\" class=\"wpcf7-form-control-wrap honeypot-406-wrap\" style=\"display:none !important; visibility:hidden !important;\"><label for=\"wpcf7-69fad6915710c-field\" class=\"hp-message\">Por favor, deixe este campo vazio.<\/label><input id=\"wpcf7-69fad6915710c-field\"  class=\"wpcf7-form-control wpcf7-text\" type=\"text\" name=\"honeypot-406\" value=\"\" size=\"40\" tabindex=\"-1\" autocomplete=\"new-password\" \/><\/span>\n<\/p>\n<span class=\"wpcf7-form-control-wrap recaptcha\" data-name=\"recaptcha\"><span data-sitekey=\"6LcC2CArAAAAAF31Q2F0oy9CttzXvRFzP0lMPmpZ\" class=\"wpcf7-form-control wpcf7-recaptcha g-recaptcha\"><\/span>\r\n<noscript>\r\n\t<div class=\"grecaptcha-noscript\">\r\n\t\t<iframe src=\"https:\/\/www.google.com\/recaptcha\/api\/fallback?k=6LcC2CArAAAAAF31Q2F0oy9CttzXvRFzP0lMPmpZ\" frameborder=\"0\" scrolling=\"no\" width=\"310\" height=\"430\">\r\n\t\t<\/iframe>\r\n\t\t<textarea name=\"g-recaptcha-response\" rows=\"3\" cols=\"40\" placeholder=\"reCaptcha Response Here\">\r\n\t\t<\/textarea>\r\n\t<\/div>\r\n<\/noscript>\r\n<\/span>\n<p><input class=\"wpcf7-form-control wpcf7-submit has-spinner\" type=\"submit\" value=\"Enviar\" \/>\n<\/p><div class=\"wpcf7-response-output\" aria-hidden=\"true\"><\/div>\n<\/form>\n<\/div>\n\n","protected":false},"excerpt":{"rendered":"<p>Gostar\u00edamos muito de receber a sua avalia\u00e7\u00e3o dos nossos perfumes.<\/p>\n","protected":false},"author":1,"featured_media":0,"parent":0,"menu_order":0,"comment_status":"closed","ping_status":"closed","template":"","meta":{"_acf_changed":false,"site-sidebar-layout":"default","site-content-layout":"","ast-site-content-layout":"default","site-content-style":"default","site-sidebar-style":"default","ast-global-header-display":"","ast-banner-title-visibility":"","ast-main-header-display":"","ast-hfb-above-header-display":"","ast-hfb-below-header-display":"","ast-hfb-mobile-header-display":"","site-post-title":"","ast-breadcrumbs-content":"","ast-featured-img":"","footer-sml-layout":"","ast-disable-related-posts":"","theme-transparent-header-meta":"default","adv-header-id-meta":"","stick-header-meta":"","header-above-stick-meta":"","header-main-stick-meta":"","header-below-stick-meta":"","astra-migrate-meta-layouts":"default","ast-page-background-enabled":"default","ast-page-background-meta":{"desktop":{"background-color":"","background-image":"","background-repeat":"repeat","background-position":"center center","background-size":"auto","background-attachment":"scroll","background-type":"","background-media":"","overlay-type":"","overlay-color":"","overlay-opacity":"","overlay-gradient":""},"tablet":{"background-color":"","background-image":"","background-repeat":"repeat","background-position":"center center","background-size":"auto","background-attachment":"scroll","background-type":"","background-media":"","overlay-type":"","overlay-color":"","overlay-opacity":"","overlay-gradient":""},"mobile":{"background-color":"","background-image":"","background-repeat":"repeat","background-position":"center center","background-size":"auto","background-attachment":"scroll","background-type":"","background-media":"","overlay-type":"","overlay-color":"","overlay-opacity":"","overlay-gradient":""}},"ast-content-background-meta":{"desktop":{"background-color":"var(--ast-global-color-5)","background-image":"","background-repeat":"repeat","background-position":"center center","background-size":"auto","background-attachment":"scroll","background-type":"","background-media":"","overlay-type":"","overlay-color":"","overlay-opacity":"","overlay-gradient":""},"tablet":{"background-color":"var(--ast-global-color-5)","background-image":"","background-repeat":"repeat","background-position":"center center","background-size":"auto","background-attachment":"scroll","background-type":"","background-media":"","overlay-type":"","overlay-color":"","overlay-opacity":"","overlay-gradient":""},"mobile":{"background-color":"var(--ast-global-color-5)","background-image":"","background-repeat":"repeat","background-position":"center center","background-size":"auto","background-attachment":"scroll","background-type":"","background-media":"","overlay-type":"","overlay-color":"","overlay-opacity":"","overlay-gradient":""}},"footnotes":""},"class_list":["post-1554","page","type-page","status-publish","hentry"],"acf":[],"_links":{"self":[{"href":"https:\/\/www.krimwell-perfume.com\/pt-pt\/wp-json\/wp\/v2\/pages\/1554","targetHints":{"allow":["GET"]}}],"collection":[{"href":"https:\/\/www.krimwell-perfume.com\/pt-pt\/wp-json\/wp\/v2\/pages"}],"about":[{"href":"https:\/\/www.krimwell-perfume.com\/pt-pt\/wp-json\/wp\/v2\/types\/page"}],"author":[{"embeddable":true,"href":"https:\/\/www.krimwell-perfume.com\/pt-pt\/wp-json\/wp\/v2\/users\/1"}],"replies":[{"embeddable":true,"href":"https:\/\/www.krimwell-perfume.com\/pt-pt\/wp-json\/wp\/v2\/comments?post=1554"}],"version-history":[{"count":0,"href":"https:\/\/www.krimwell-perfume.com\/pt-pt\/wp-json\/wp\/v2\/pages\/1554\/revisions"}],"wp:attachment":[{"href":"https:\/\/www.krimwell-perfume.com\/pt-pt\/wp-json\/wp\/v2\/media?parent=1554"}],"curies":[{"name":"wp","href":"https:\/\/api.w.org\/{rel}","templated":true}]}}