{"id":1582,"date":"2025-05-30T05:56:37","date_gmt":"2025-05-30T05:56:37","guid":{"rendered":"https:\/\/www.krimwell-perfume.com\/politica-de-envio\/"},"modified":"2025-05-30T05:56:37","modified_gmt":"2025-05-30T05:56:37","slug":"politica-de-envio","status":"publish","type":"page","link":"https:\/\/www.krimwell-perfume.com\/pt-pt\/politica-de-envio\/","title":{"rendered":"Pol\u00edtica de envio"},"content":{"rendered":"<h5>Tempo de processamento da encomenda<\/h5>\n<p>Todas as encomendas efectuadas \u00e0 <strong>Krimwell Perfume<\/strong> s\u00e3o processadas no prazo de 1-2 dias \u00fateis. Esfor\u00e7amo-nos por assegurar que a sua encomenda \u00e9 preparada com cuidado e despachada prontamente. <\/p>\n<p>&nbsp;<\/p>\n<h5>Tempos de envio por regi\u00e3o<\/h5>\n<h5>Portugal (Continente)<\/h5>\n<ul>\n<li><strong>Prazo de entrega:<\/strong> 1-2 dias \u00fateis<\/li>\n<\/ul>\n<h5>Portugal (Ilhas)<\/h5>\n<ul>\n<li><strong>Prazo de entrega:<\/strong> 3-5 dias \u00fateis<\/li>\n<\/ul>\n<h5>Europa<\/h5>\n<ul>\n<li><strong>Prazo de entrega:<\/strong> 3-7 dias \u00fateis<\/li>\n<\/ul>\n<h5>Am\u00e9rica do Norte<\/h5>\n<ul>\n<li><strong>Prazo de entrega:<\/strong> 7-15 dias \u00fateis<\/li>\n<\/ul>\n<h5>Am\u00e9rica do Sul<\/h5>\n<ul>\n<li><strong>Prazo de entrega:<\/strong> 7-15 dias \u00fateis<\/li>\n<\/ul>\n<h5>\u00c1frica<\/h5>\n<ul>\n<li><strong>Prazo de entrega:<\/strong> 7-15 dias \u00fateis<\/li>\n<\/ul>\n<h5>\u00c1sia<\/h5>\n<ul>\n<li><strong>Prazo de entrega:<\/strong> 7-15 dias \u00fateis<\/li>\n<\/ul>\n<h5>M\u00e9todos de envio<\/h5>\n<p>Utilizamos transportadoras de renome para garantir a entrega segura e atempada da sua encomenda. Assim que a sua encomenda for enviada, receber\u00e1 um e-mail de confirma\u00e7\u00e3o com informa\u00e7\u00f5es de seguimento para acompanhar o estado do seu envio. <\/p>\n<h5>Custos de envio<\/h5>\n<p>Os custos de envio s\u00e3o calculados no momento do checkout com base no peso da encomenda e no destino. Esfor\u00e7amo-nos por fornecer taxas de envio transparentes e competitivas aos nossos clientes. <\/p>\n<h5>Alf\u00e2ndegas e direitos<\/h5>\n<p>Para encomendas internacionais, tenha em aten\u00e7\u00e3o que podem ser aplicados direitos aduaneiros e taxas, consoante o pa\u00eds de destino. Quaisquer encargos adicionais incorridos durante o desalfandegamento s\u00e3o da responsabilidade do cliente. <\/p>\n<h5>Atrasos na entrega<\/h5>\n<p>Embora fa\u00e7amos todos os esfor\u00e7os para garantir uma entrega atempada, tenha em aten\u00e7\u00e3o que os prazos de entrega podem variar devido a procedimentos de desalfandegamento, feriados ou circunst\u00e2ncias imprevistas. Agradecemos a sua paci\u00eancia nestas situa\u00e7\u00f5es. <\/p>\n<h5>Contactar-nos<\/h5>\n<p>Se tiver alguma d\u00favida ou preocupa\u00e7\u00e3o relativamente \u00e0 sua encomenda ou \u00e0 nossa pol\u00edtica de envio, <a href=\"https:\/\/www.krimwell-perfume.com\/pt-pt\/contacto\/\">contacte-nos<\/a>.<\/p>\n","protected":false},"excerpt":{"rendered":"<p>Tempo de processamento da encomenda Todas as encomendas efectuadas \u00e0 Krimwell Perfume s\u00e3o processadas no prazo de 1-2 dias \u00fateis. Esfor\u00e7amo-nos por assegurar que a sua encomenda \u00e9 preparada com cuidado e despachada prontamente. &nbsp; Tempos de envio por regi\u00e3o Portugal (Continente) Prazo de entrega: 1-2 dias \u00fateis Portugal (Ilhas) Prazo de entrega: 3-5 dias [&hellip;]<\/p>\n","protected":false},"author":1,"featured_media":0,"parent":0,"menu_order":0,"comment_status":"closed","ping_status":"closed","template":"","meta":{"_acf_changed":false,"site-sidebar-layout":"default","site-content-layout":"","ast-site-content-layout":"default","site-content-style":"default","site-sidebar-style":"default","ast-global-header-display":"","ast-banner-title-visibility":"","ast-main-header-display":"","ast-hfb-above-header-display":"","ast-hfb-below-header-display":"","ast-hfb-mobile-header-display":"","site-post-title":"","ast-breadcrumbs-content":"","ast-featured-img":"","footer-sml-layout":"","ast-disable-related-posts":"","theme-transparent-header-meta":"default","adv-header-id-meta":"","stick-header-meta":"","header-above-stick-meta":"","header-main-stick-meta":"","header-below-stick-meta":"","astra-migrate-meta-layouts":"default","ast-page-background-enabled":"default","ast-page-background-meta":{"desktop":{"background-color":"","background-image":"","background-repeat":"repeat","background-position":"center center","background-size":"auto","background-attachment":"scroll","background-type":"","background-media":"","overlay-type":"","overlay-color":"","overlay-opacity":"","overlay-gradient":""},"tablet":{"background-color":"","background-image":"","background-repeat":"repeat","background-position":"center center","background-size":"auto","background-attachment":"scroll","background-type":"","background-media":"","overlay-type":"","overlay-color":"","overlay-opacity":"","overlay-gradient":""},"mobile":{"background-color":"","background-image":"","background-repeat":"repeat","background-position":"center center","background-size":"auto","background-attachment":"scroll","background-type":"","background-media":"","overlay-type":"","overlay-color":"","overlay-opacity":"","overlay-gradient":""}},"ast-content-background-meta":{"desktop":{"background-color":"var(--ast-global-color-5)","background-image":"","background-repeat":"repeat","background-position":"center center","background-size":"auto","background-attachment":"scroll","background-type":"","background-media":"","overlay-type":"","overlay-color":"","overlay-opacity":"","overlay-gradient":""},"tablet":{"background-color":"var(--ast-global-color-5)","background-image":"","background-repeat":"repeat","background-position":"center center","background-size":"auto","background-attachment":"scroll","background-type":"","background-media":"","overlay-type":"","overlay-color":"","overlay-opacity":"","overlay-gradient":""},"mobile":{"background-color":"var(--ast-global-color-5)","background-image":"","background-repeat":"repeat","background-position":"center center","background-size":"auto","background-attachment":"scroll","background-type":"","background-media":"","overlay-type":"","overlay-color":"","overlay-opacity":"","overlay-gradient":""}},"footnotes":""},"class_list":["post-1582","page","type-page","status-publish","hentry"],"acf":[],"_links":{"self":[{"href":"https:\/\/www.krimwell-perfume.com\/pt-pt\/wp-json\/wp\/v2\/pages\/1582","targetHints":{"allow":["GET"]}}],"collection":[{"href":"https:\/\/www.krimwell-perfume.com\/pt-pt\/wp-json\/wp\/v2\/pages"}],"about":[{"href":"https:\/\/www.krimwell-perfume.com\/pt-pt\/wp-json\/wp\/v2\/types\/page"}],"author":[{"embeddable":true,"href":"https:\/\/www.krimwell-perfume.com\/pt-pt\/wp-json\/wp\/v2\/users\/1"}],"replies":[{"embeddable":true,"href":"https:\/\/www.krimwell-perfume.com\/pt-pt\/wp-json\/wp\/v2\/comments?post=1582"}],"version-history":[{"count":0,"href":"https:\/\/www.krimwell-perfume.com\/pt-pt\/wp-json\/wp\/v2\/pages\/1582\/revisions"}],"wp:attachment":[{"href":"https:\/\/www.krimwell-perfume.com\/pt-pt\/wp-json\/wp\/v2\/media?parent=1582"}],"curies":[{"name":"wp","href":"https:\/\/api.w.org\/{rel}","templated":true}]}}