{"id":97,"date":"2025-04-11T13:16:50","date_gmt":"2025-04-11T13:16:50","guid":{"rendered":"https:\/\/krimwell-perfume.com\/noticias\/"},"modified":"2025-05-20T07:25:01","modified_gmt":"2025-05-20T07:25:01","slug":"noticias","status":"publish","type":"page","link":"https:\/\/www.krimwell-perfume.com\/pt-pt\/noticias\/","title":{"rendered":"Not\u00edcias"},"content":{"rendered":"\t\t<div data-elementor-type=\"wp-page\" data-elementor-id=\"97\" class=\"elementor elementor-97 elementor-23\" data-elementor-post-type=\"page\">\n\t\t\t\t<div class=\"elementor-element elementor-element-a803100 e-flex e-con-boxed e-con e-parent\" data-id=\"a803100\" data-element_type=\"container\" data-e-type=\"container\" data-settings=\"{&quot;background_background&quot;:&quot;classic&quot;}\">\n\t\t\t\t\t<div class=\"e-con-inner\">\n\t\t<div class=\"elementor-element elementor-element-97a7a7d e-con-full e-grid e-con e-child\" data-id=\"97a7a7d\" data-element_type=\"container\" data-e-type=\"container\">\n\t\t<div class=\"elementor-element elementor-element-6e0d1aa e-con-full e-flex e-con e-child\" data-id=\"6e0d1aa\" data-element_type=\"container\" data-e-type=\"container\">\n\t\t<div class=\"elementor-element elementor-element-feb8440 e-con-full e-flex e-con e-child\" data-id=\"feb8440\" data-element_type=\"container\" data-e-type=\"container\">\n\t\t<div class=\"elementor-element elementor-element-70e26a6 e-con-full e-flex e-con e-child\" data-id=\"70e26a6\" data-element_type=\"container\" data-e-type=\"container\">\n\t\t\t\t<div class=\"elementor-element elementor-element-95c72a5 elementor-widget elementor-widget-heading\" data-id=\"95c72a5\" data-element_type=\"widget\" data-e-type=\"widget\" data-widget_type=\"heading.default\">\n\t\t\t\t<div class=\"elementor-widget-container\">\n\t\t\t\t\t<h2 class=\"elementor-heading-title elementor-size-default\">Not\u00edcias<\/h2>\t\t\t\t<\/div>\n\t\t\t\t<\/div>\n\t\t\t\t<div class=\"elementor-element elementor-element-e5121e0 elementor-widget elementor-widget-heading\" data-id=\"e5121e0\" data-element_type=\"widget\" data-e-type=\"widget\" data-widget_type=\"heading.default\">\n\t\t\t\t<div class=\"elementor-widget-container\">\n\t\t\t\t\t<h5 class=\"elementor-heading-title elementor-size-default\">Manter-se atualizado sobre as novidades dos nossos perfumes<\/h5>\t\t\t\t<\/div>\n\t\t\t\t<\/div>\n\t\t\t\t<\/div>\n\t\t\t\t<div class=\"elementor-element elementor-element-60dd7b7 elementor-widget elementor-widget-text-editor\" data-id=\"60dd7b7\" data-element_type=\"widget\" data-e-type=\"widget\" data-widget_type=\"text-editor.default\">\n\t\t\t\t<div class=\"elementor-widget-container\">\n\t\t\t\t\t\t\t\t\t<p><ul class=\"display-posts-listing\"><li class=\"listing-item\"><a class=\"title\" href=\"https:\/\/www.krimwell-perfume.com\/pt-pt\/2026\/01\/06\/ultima-chamada-junte-se-ao-painel-de-testes-de-perfumes-da-krimwell-e-molde-o-futuro-das-fragrancias\/\">\u00daltima chamada: Junte-se ao Painel de Testes de Perfumes da Krimwell e molde o futuro das fragr\u00e2ncias<\/a> <span class=\"date\">(1\/6\/2026)<\/span> <span class=\"excerpt-dash\">-<\/span> <span class=\"excerpt\">Escreva aqui uma introdu\u00e7\u00e3o a um par de zincos<\/span><\/li><li class=\"listing-item\"><a class=\"title\" href=\"https:\/\/www.krimwell-perfume.com\/pt-pt\/2026\/01\/04\/isto-e-apenas-teste\/\">Krimwell apresenta: a Linha Maori - Seis Fragr\u00e2ncias, Seis Sons Primordiais<\/a> <span class=\"date\">(1\/4\/2026)<\/span> <span class=\"excerpt-dash\">-<\/span> <span class=\"excerpt\">Escreva aqui uma introdu\u00e7\u00e3o a um par de zincos<\/span><\/li><li class=\"listing-item\"><a class=\"title\" href=\"https:\/\/www.krimwell-perfume.com\/pt-pt\/2025\/06\/02\/online\/\">Press Release - Krimwell abre a sua primeira localiza\u00e7\u00e3o na Redinha (Portugal)<\/a> <span class=\"date\">(6\/2\/2025)<\/span> <span class=\"excerpt-dash\">-<\/span> <span class=\"excerpt\">*Comunicado de imprensa - Redinha, 2 de junho de 2025 *A Krimwell abre a sua primeira loja na Redinha: um in\u00edcio perfumado para uma miss\u00e3o \u00fanica A Krimwell tem o prazer de anunciar a abertura oficial da sua primeira unidade na Redinha. O nosso log\u00f3tipo j\u00e1 brilha na fachada do novo laborat\u00f3rio, armaz\u00e9m e escrit\u00f3rio. [&hellip;]<\/span><\/li><\/ul><\/span><\/p>\t\t\t\t\t\t\t\t<\/div>\n\t\t\t\t<\/div>\n\t\t\t\t<\/div>\n\t\t\t\t<\/div>\n\t\t\t\t<\/div>\n\t\t\t\t\t<\/div>\n\t\t\t\t<\/div>\n\t\t\t\t<\/div>\n\t\t","protected":false},"excerpt":{"rendered":"<p>Not\u00edcias Manter-se atualizado sobre as novidades dos nossos perfumes<\/p>\n","protected":false},"author":1,"featured_media":0,"parent":0,"menu_order":0,"comment_status":"closed","ping_status":"closed","template":"","meta":{"_acf_changed":false,"site-sidebar-layout":"no-sidebar","site-content-layout":"page-builder","ast-site-content-layout":"full-width-container","site-content-style":"default","site-sidebar-style":"default","ast-global-header-display":"","ast-banner-title-visibility":"","ast-main-header-display":"","ast-hfb-above-header-display":"","ast-hfb-below-header-display":"","ast-hfb-mobile-header-display":"","site-post-title":"disabled","ast-breadcrumbs-content":"","ast-featured-img":"disabled","footer-sml-layout":"","ast-disable-related-posts":"","theme-transparent-header-meta":"enabled","adv-header-id-meta":"","stick-header-meta":"","header-above-stick-meta":"","header-main-stick-meta":"","header-below-stick-meta":"","astra-migrate-meta-layouts":"default","ast-page-background-enabled":"default","ast-page-background-meta":{"desktop":{"background-color":"","background-image":"","background-repeat":"repeat","background-position":"center center","background-size":"auto","background-attachment":"scroll","background-type":"","background-media":"","overlay-type":"","overlay-color":"","overlay-opacity":"","overlay-gradient":""},"tablet":{"background-color":"","background-image":"","background-repeat":"repeat","background-position":"center center","background-size":"auto","background-attachment":"scroll","background-type":"","background-media":"","overlay-type":"","overlay-color":"","overlay-opacity":"","overlay-gradient":""},"mobile":{"background-color":"","background-image":"","background-repeat":"repeat","background-position":"center center","background-size":"auto","background-attachment":"scroll","background-type":"","background-media":"","overlay-type":"","overlay-color":"","overlay-opacity":"","overlay-gradient":""}},"ast-content-background-meta":{"desktop":{"background-color":"var(--ast-global-color-5)","background-image":"","background-repeat":"repeat","background-position":"center center","background-size":"auto","background-attachment":"scroll","background-type":"","background-media":"","overlay-type":"","overlay-color":"","overlay-opacity":"","overlay-gradient":""},"tablet":{"background-color":"var(--ast-global-color-5)","background-image":"","background-repeat":"repeat","background-position":"center center","background-size":"auto","background-attachment":"scroll","background-type":"","background-media":"","overlay-type":"","overlay-color":"","overlay-opacity":"","overlay-gradient":""},"mobile":{"background-color":"var(--ast-global-color-5)","background-image":"","background-repeat":"repeat","background-position":"center center","background-size":"auto","background-attachment":"scroll","background-type":"","background-media":"","overlay-type":"","overlay-color":"","overlay-opacity":"","overlay-gradient":""}},"footnotes":""},"class_list":["post-97","page","type-page","status-publish","hentry"],"acf":[],"_links":{"self":[{"href":"https:\/\/www.krimwell-perfume.com\/pt-pt\/wp-json\/wp\/v2\/pages\/97","targetHints":{"allow":["GET"]}}],"collection":[{"href":"https:\/\/www.krimwell-perfume.com\/pt-pt\/wp-json\/wp\/v2\/pages"}],"about":[{"href":"https:\/\/www.krimwell-perfume.com\/pt-pt\/wp-json\/wp\/v2\/types\/page"}],"author":[{"embeddable":true,"href":"https:\/\/www.krimwell-perfume.com\/pt-pt\/wp-json\/wp\/v2\/users\/1"}],"replies":[{"embeddable":true,"href":"https:\/\/www.krimwell-perfume.com\/pt-pt\/wp-json\/wp\/v2\/comments?post=97"}],"version-history":[{"count":0,"href":"https:\/\/www.krimwell-perfume.com\/pt-pt\/wp-json\/wp\/v2\/pages\/97\/revisions"}],"wp:attachment":[{"href":"https:\/\/www.krimwell-perfume.com\/pt-pt\/wp-json\/wp\/v2\/media?parent=97"}],"curies":[{"name":"wp","href":"https:\/\/api.w.org\/{rel}","templated":true}]}}