{"id":108,"date":"2025-04-11T16:06:11","date_gmt":"2025-04-11T16:06:11","guid":{"rendered":"https:\/\/krimwell-perfume.com\/product\/tangaroana\/"},"modified":"2026-01-02T16:35:40","modified_gmt":"2026-01-02T16:35:40","slug":"tangaroana","status":"publish","type":"product","link":"https:\/\/www.krimwell-perfume.com\/pt-pt\/product\/tangaroana\/","title":{"rendered":"Tangaroana (50ml)"},"content":{"rendered":"<p>Uma fragr\u00e2ncia ic\u00f3nica que irradia for\u00e7a e carisma, com uma abertura fresca de citrinos e ma\u00e7\u00e3, seguida de um cora\u00e7\u00e3o de lavanda b\u00falgara, incenso e baunilha. A base quente de \u00e2mbar, alm\u00edscar e caramelo, com uma brisa marinha tipo Lauryl, evoca uma atmosfera de determina\u00e7\u00e3o e calor suave. Tangaroana envolve-te com coragem e um encanto irresist\u00edvel.<\/p>\n<div style=\"width: 1920px;\" class=\"wp-video\"><video class=\"wp-video-shortcode\" id=\"video-108-1\" width=\"1920\" height=\"1080\" preload=\"metadata\" controls=\"controls\"><source type=\"video\/mp4\" src=\"https:\/\/www.krimwell-perfume.com\/wp-content\/uploads\/2025\/10\/TangaroanaMP4.mp4?_=1\" \/><a href=\"https:\/\/www.krimwell-perfume.com\/wp-content\/uploads\/2025\/10\/TangaroanaMP4.mp4\">https:\/\/www.krimwell-perfume.com\/wp-content\/uploads\/2025\/10\/TangaroanaMP4.mp4<\/a><\/video><\/div>\n","protected":false},"excerpt":{"rendered":"<p>Uma fragr\u00e2ncia ic\u00f3nica que irradia for\u00e7a e carisma, com uma abertura fresca de citrinos e ma\u00e7\u00e3, seguida de um cora\u00e7\u00e3o de lavanda b\u00falgara, incenso e baunilha. A base quente de \u00e2mbar, alm\u00edscar e caramelo, com uma brisa marinha tipo Lauryl, evoca uma atmosfera de determina\u00e7\u00e3o e calor suave. Tangaroana envolve-te com coragem e um encanto [&hellip;]<\/p>\n","protected":false},"featured_media":1420,"template":"","meta":{"_acf_changed":false,"site-sidebar-layout":"default","site-content-layout":"","ast-site-content-layout":"default","site-content-style":"default","site-sidebar-style":"default","ast-global-header-display":"","ast-banner-title-visibility":"","ast-main-header-display":"","ast-hfb-above-header-display":"","ast-hfb-below-header-display":"","ast-hfb-mobile-header-display":"","site-post-title":"","ast-breadcrumbs-content":"","ast-featured-img":"","footer-sml-layout":"","ast-disable-related-posts":"","theme-transparent-header-meta":"default","adv-header-id-meta":"","stick-header-meta":"","header-above-stick-meta":"","header-main-stick-meta":"","header-below-stick-meta":"","astra-migrate-meta-layouts":"set","ast-page-background-enabled":"default","ast-page-background-meta":{"desktop":{"background-color":"","background-image":"","background-repeat":"repeat","background-position":"center center","background-size":"auto","background-attachment":"scroll","background-type":"","background-media":"","overlay-type":"","overlay-color":"","overlay-opacity":"","overlay-gradient":""},"tablet":{"background-color":"","background-image":"","background-repeat":"repeat","background-position":"center center","background-size":"auto","background-attachment":"scroll","background-type":"","background-media":"","overlay-type":"","overlay-color":"","overlay-opacity":"","overlay-gradient":""},"mobile":{"background-color":"","background-image":"","background-repeat":"repeat","background-position":"center center","background-size":"auto","background-attachment":"scroll","background-type":"","background-media":"","overlay-type":"","overlay-color":"","overlay-opacity":"","overlay-gradient":""}},"ast-content-background-meta":{"desktop":{"background-color":"var(--ast-global-color-5)","background-image":"","background-repeat":"repeat","background-position":"center center","background-size":"auto","background-attachment":"scroll","background-type":"","background-media":"","overlay-type":"","overlay-color":"","overlay-opacity":"","overlay-gradient":""},"tablet":{"background-color":"var(--ast-global-color-5)","background-image":"","background-repeat":"repeat","background-position":"center center","background-size":"auto","background-attachment":"scroll","background-type":"","background-media":"","overlay-type":"","overlay-color":"","overlay-opacity":"","overlay-gradient":""},"mobile":{"background-color":"var(--ast-global-color-5)","background-image":"","background-repeat":"repeat","background-position":"center center","background-size":"auto","background-attachment":"scroll","background-type":"","background-media":"","overlay-type":"","overlay-color":"","overlay-opacity":"","overlay-gradient":""}}},"product_cat":[29],"product_tag":[],"class_list":{"0":"post-108","1":"product","2":"type-product","3":"status-publish","4":"has-post-thumbnail","6":"product_cat-perfume-pt-pt","7":"product_shipping_class-50ml-pt-pt","8":"desktop-align-left","9":"tablet-align-left","10":"mobile-align-left","12":"first","13":"instock","14":"taxable","15":"shipping-taxable","16":"purchasable","17":"product-type-simple"},"acf":[],"_links":{"self":[{"href":"https:\/\/www.krimwell-perfume.com\/pt-pt\/wp-json\/wp\/v2\/product\/108","targetHints":{"allow":["GET"]}}],"collection":[{"href":"https:\/\/www.krimwell-perfume.com\/pt-pt\/wp-json\/wp\/v2\/product"}],"about":[{"href":"https:\/\/www.krimwell-perfume.com\/pt-pt\/wp-json\/wp\/v2\/types\/product"}],"wp:featuredmedia":[{"embeddable":true,"href":"https:\/\/www.krimwell-perfume.com\/pt-pt\/wp-json\/wp\/v2\/media\/1420"}],"wp:attachment":[{"href":"https:\/\/www.krimwell-perfume.com\/pt-pt\/wp-json\/wp\/v2\/media?parent=108"}],"wp:term":[{"taxonomy":"product_cat","embeddable":true,"href":"https:\/\/www.krimwell-perfume.com\/pt-pt\/wp-json\/wp\/v2\/product_cat?post=108"},{"taxonomy":"product_tag","embeddable":true,"href":"https:\/\/www.krimwell-perfume.com\/pt-pt\/wp-json\/wp\/v2\/product_tag?post=108"}],"curies":[{"name":"wp","href":"https:\/\/api.w.org\/{rel}","templated":true}]}}