{"id":1484,"date":"2025-05-01T12:03:53","date_gmt":"2025-05-01T12:03:53","guid":{"rendered":"https:\/\/www.krimwell-perfume.com\/?post_type=product&#038;p=1484"},"modified":"2026-01-02T16:28:01","modified_gmt":"2026-01-02T16:28:01","slug":"rahuihui-copy","status":"publish","type":"product","link":"https:\/\/www.krimwell-perfume.com\/pt-pt\/product\/rahuihui-copy\/","title":{"rendered":"Rahuihui (10ml)"},"content":{"rendered":"<div style=\"width: 1920px;\" class=\"wp-video\"><video class=\"wp-video-shortcode\" id=\"video-1484-1\" width=\"1920\" height=\"1080\" preload=\"metadata\" controls=\"controls\"><source type=\"video\/mp4\" src=\"https:\/\/www.krimwell-perfume.com\/wp-content\/uploads\/2025\/05\/RahuihuiMP4-1.mp4?_=1\" \/><a href=\"https:\/\/www.krimwell-perfume.com\/wp-content\/uploads\/2025\/05\/RahuihuiMP4-1.mp4\">https:\/\/www.krimwell-perfume.com\/wp-content\/uploads\/2025\/05\/RahuihuiMP4-1.mp4<\/a><\/video><\/div>\n<p>Uma fragr\u00e2ncia floral unissexo que irradia equil\u00edbrio e serenidade, com notas quentes de Jasmim e Ylang Ylang, e um poderoso cora\u00e7\u00e3o de cedro. Um frasco de viagem mais pequeno de 10 ml.<\/p>\n","protected":false},"excerpt":{"rendered":"<p>Uma fragr\u00e2ncia floral unissexo que irradia equil\u00edbrio e serenidade, com notas quentes de Jasmim e Ylang Ylang, e um poderoso cora\u00e7\u00e3o de cedro. Um frasco de viagem mais pequeno de 10 ml.<\/p>\n","protected":false},"featured_media":1522,"template":"","meta":{"_acf_changed":false,"site-sidebar-layout":"default","site-content-layout":"","ast-site-content-layout":"default","site-content-style":"default","site-sidebar-style":"default","ast-global-header-display":"","ast-banner-title-visibility":"","ast-main-header-display":"","ast-hfb-above-header-display":"","ast-hfb-below-header-display":"","ast-hfb-mobile-header-display":"","site-post-title":"","ast-breadcrumbs-content":"","ast-featured-img":"","footer-sml-layout":"","ast-disable-related-posts":"","theme-transparent-header-meta":"default","adv-header-id-meta":"","stick-header-meta":"","header-above-stick-meta":"","header-main-stick-meta":"","header-below-stick-meta":"","astra-migrate-meta-layouts":"set","ast-page-background-enabled":"default","ast-page-background-meta":{"desktop":{"background-color":"","background-image":"","background-repeat":"repeat","background-position":"center center","background-size":"auto","background-attachment":"scroll","background-type":"","background-media":"","overlay-type":"","overlay-color":"","overlay-opacity":"","overlay-gradient":""},"tablet":{"background-color":"","background-image":"","background-repeat":"repeat","background-position":"center center","background-size":"auto","background-attachment":"scroll","background-type":"","background-media":"","overlay-type":"","overlay-color":"","overlay-opacity":"","overlay-gradient":""},"mobile":{"background-color":"","background-image":"","background-repeat":"repeat","background-position":"center center","background-size":"auto","background-attachment":"scroll","background-type":"","background-media":"","overlay-type":"","overlay-color":"","overlay-opacity":"","overlay-gradient":""}},"ast-content-background-meta":{"desktop":{"background-color":"var(--ast-global-color-5)","background-image":"","background-repeat":"repeat","background-position":"center center","background-size":"auto","background-attachment":"scroll","background-type":"","background-media":"","overlay-type":"","overlay-color":"","overlay-opacity":"","overlay-gradient":""},"tablet":{"background-color":"var(--ast-global-color-5)","background-image":"","background-repeat":"repeat","background-position":"center center","background-size":"auto","background-attachment":"scroll","background-type":"","background-media":"","overlay-type":"","overlay-color":"","overlay-opacity":"","overlay-gradient":""},"mobile":{"background-color":"var(--ast-global-color-5)","background-image":"","background-repeat":"repeat","background-position":"center center","background-size":"auto","background-attachment":"scroll","background-type":"","background-media":"","overlay-type":"","overlay-color":"","overlay-opacity":"","overlay-gradient":""}}},"product_cat":[42],"product_tag":[],"class_list":{"0":"post-1484","1":"product","2":"type-product","3":"status-publish","4":"has-post-thumbnail","6":"product_cat-perfume-10ml-pt-pt","7":"product_shipping_class-10ml-pt-pt","8":"desktop-align-left","9":"tablet-align-left","10":"mobile-align-left","12":"first","13":"instock","14":"taxable","15":"shipping-taxable","16":"purchasable","17":"product-type-simple"},"acf":[],"_links":{"self":[{"href":"https:\/\/www.krimwell-perfume.com\/pt-pt\/wp-json\/wp\/v2\/product\/1484","targetHints":{"allow":["GET"]}}],"collection":[{"href":"https:\/\/www.krimwell-perfume.com\/pt-pt\/wp-json\/wp\/v2\/product"}],"about":[{"href":"https:\/\/www.krimwell-perfume.com\/pt-pt\/wp-json\/wp\/v2\/types\/product"}],"wp:featuredmedia":[{"embeddable":true,"href":"https:\/\/www.krimwell-perfume.com\/pt-pt\/wp-json\/wp\/v2\/media\/1522"}],"wp:attachment":[{"href":"https:\/\/www.krimwell-perfume.com\/pt-pt\/wp-json\/wp\/v2\/media?parent=1484"}],"wp:term":[{"taxonomy":"product_cat","embeddable":true,"href":"https:\/\/www.krimwell-perfume.com\/pt-pt\/wp-json\/wp\/v2\/product_cat?post=1484"},{"taxonomy":"product_tag","embeddable":true,"href":"https:\/\/www.krimwell-perfume.com\/pt-pt\/wp-json\/wp\/v2\/product_tag?post=1484"}],"curies":[{"name":"wp","href":"https:\/\/api.w.org\/{rel}","templated":true}]}}