{"id":1558,"date":"2025-05-15T11:03:05","date_gmt":"2025-05-15T11:03:05","guid":{"rendered":"https:\/\/www.krimwell-perfume.com\/product\/olhe-para-si-proprio\/"},"modified":"2026-01-02T17:00:25","modified_gmt":"2026-01-02T17:00:25","slug":"olha-para-ti-mesmo","status":"publish","type":"product","link":"https:\/\/www.krimwell-perfume.com\/pt-pt\/product\/olha-para-ti-mesmo\/","title":{"rendered":"Olhe para si pr\u00f3prio"},"content":{"rendered":"<p class=\"font_8\">O livro \"Olha para ti\", de Anna Webbink, oferece motiva\u00e7\u00e3o e inspira\u00e7\u00e3o para a tua viagem rumo ao crescimento pessoal, ao equil\u00edbrio e \u00e0 paz interior. Deixe que as palavras da Anna o inspirem e guiem no seu caminho de auto-descoberta e amor-pr\u00f3prio. Saiba como, com pequenos ajustes, pode levar a sua melhor vida, porque merece.<\/p>\n<p><strong>Sobre a Anna<\/strong><\/p>\n<p>Anna Webbink experimentou uma transforma\u00e7\u00e3o not\u00e1vel na sua vida: uma cura a curto prazo. A sua hist\u00f3ria come\u00e7ou com anos de problemas de sa\u00fade, sendo doente cr\u00f3nica durante 21 anos com tr\u00eas formas de reumatismo em todo o corpo e um grave traumatismo no pesco\u00e7o. Procurava constantemente solu\u00e7\u00f5es e pedia ajuda a Deus. A ajuda chegou de v\u00e1rias formas, incluindo um encontro com anjos durante um workshop.<\/p>\n<p>Um momento crucial no seu processo de cura foi a resposta dos anjos \u00e0 sua pergunta sobre a terr\u00edvel dor nas suas m\u00e3os: \"deixar ir\". Sem hesitar, come\u00e7ou a libertar dores antigas, trazendo \u00e0 superf\u00edcie acontecimentos do seu passado, e a dor desapareceu como que por magia. O que \u00e9 ainda mais impressionante \u00e9 que as dores n\u00e3o voltaram, mesmo durante per\u00edodos de chuva ou frio extremos que normalmente causariam muitas dores.<\/p>\n<p class=\"font_8\">Isto levou-a a sess\u00f5es di\u00e1rias em que se dedicava a processar dores antigas, o que acabou por lhe permitir comunicar com os anjos. Pouco tempo depois, recebeu um guia pessoal, Saint Germain, um Mestre Ascensionado, com quem comunica diariamente.<\/p>\n<p class=\"font_8\">Mas a maior oportunidade surgiu tr\u00eas meses depois, durante um dia especial de medita\u00e7\u00e3o. L\u00e1, ela experimentou a cura durante as medita\u00e7\u00f5es. As suas m\u00e3os foram completamente libertadas da rigidez que tinha estado presente durante 21 anos. Isto teve um efeito domin\u00f3 no resto do seu corpo, permitindo-lhe parar com toda a medica\u00e7\u00e3o, algo que n\u00e3o podia sequer considerar antes. \u00c9 o resultado? Quatro anos sem doen\u00e7a, mesmo quando toda a sua fam\u00edlia foi afetada pela gripe.<\/p>\n<p class=\"font_8\">Anna compreendeu que as emo\u00e7\u00f5es n\u00e3o processadas s\u00e3o armazenadas nas nossas c\u00e9lulas e decidiu confrontar essas emo\u00e7\u00f5es. Ela convida outras pessoas a tentarem o mesmo, uma vez que proporciona uma enorme sensa\u00e7\u00e3o de al\u00edvio quando esses bloqueios internos desaparecem. Salienta tamb\u00e9m que os traumas n\u00e3o processados obscurecem a nossa perce\u00e7\u00e3o da realidade e encoraja-nos a abord\u00e1-los ativamente para nos compreendermos melhor a n\u00f3s pr\u00f3prios, ao que nos rodeia e \u00e0 sociedade.<\/p>\n<p class=\"font_8\">Este percurso de cura ensinou a autora a amar-se a si pr\u00f3pria, a aceitar-se plenamente e a defender-se. Tamb\u00e9m a fez tomar consci\u00eancia do comportamento \"desej\u00e1vel\" que exibia para agradar aos outros e, gradualmente, libertou-se desse papel para abra\u00e7ar a sua verdadeira ess\u00eancia. Descobriu que a compreens\u00e3o da realidade lhe permitia lidar de forma diferente consigo pr\u00f3pria e com o seu ambiente, e encontrou um profundo sentido de apoio e felicidade na sua viagem espiritual.<\/p>\n<p class=\"font_8\">Para ajudar os outros no seu pr\u00f3prio crescimento, a autora partilhou as suas experi\u00eancias e conhecimentos em artigos e compilou-os num livro centrado no autodesenvolvimento. Al\u00e9m disso, ela oferece leituras, curas e coaching. Tamb\u00e9m partilha regularmente informa\u00e7\u00f5es e medita\u00e7\u00f5es atrav\u00e9s do seu canal no YouTube.<\/p>\n<p class=\"font_8\">Al\u00e9m disso, o autor emigrou para Portugal ap\u00f3s um chamamento divino. A\u00ed, colabora com outros para criar uma empresa centrada no bem-estar e numa forma inovadora de trabalhar, centrada na gentileza, no respeito, na colabora\u00e7\u00e3o, na forma\u00e7\u00e3o, na resolu\u00e7\u00e3o de problemas, em sal\u00e1rios justos e em inova\u00e7\u00f5es tecnol\u00f3gicas. A sua miss\u00e3o \u00e9 proporcionar a todos uma vida melhor.<\/p>\n<p class=\"font_8\">Em conclus\u00e3o, o autor acredita que podemos melhorar o mundo come\u00e7ando por n\u00f3s pr\u00f3prios e encoraja os outros a garantirem a si pr\u00f3prios uma vida melhor e a abra\u00e7arem este desenvolvimento.<\/p>\n<p>====<\/p>\n<p>Agnes<br \/>\n\"Cada vez que leio as mensagens da Anna, elas ressoam profundamente. Ela \u00e9 incrivelmente inspiradora com o que partilha. Obrigada.<\/p>\n<p>Paulo<br \/>\n\"Quando estava gravemente deprimido, a Anna apoiou-me muito bem. Tamb\u00e9m me deu tr\u00eas cap\u00edtulos do livro, que mudaram positivamente a minha vida. Continuo a l\u00ea-los regularmente. D\u00e3o-me energia positiva.\"<\/p>\n","protected":false},"excerpt":{"rendered":"<p>O livro \"Olha para ti\", de Anna Webbink, oferece motiva\u00e7\u00e3o e inspira\u00e7\u00e3o para a sua viagem rumo ao crescimento pessoal, ao equil\u00edbrio e \u00e0 paz interior. Deixe que as palavras da Anna o inspirem e guiem no seu caminho de auto-descoberta e amor-pr\u00f3prio. Saiba como, com pequenos ajustes, pode levar a sua melhor vida, porque merece.<\/p>\n","protected":false},"featured_media":2160,"template":"","meta":{"_acf_changed":false,"site-sidebar-layout":"default","site-content-layout":"","ast-site-content-layout":"default","site-content-style":"default","site-sidebar-style":"default","ast-global-header-display":"","ast-banner-title-visibility":"","ast-main-header-display":"","ast-hfb-above-header-display":"","ast-hfb-below-header-display":"","ast-hfb-mobile-header-display":"","site-post-title":"","ast-breadcrumbs-content":"","ast-featured-img":"","footer-sml-layout":"","ast-disable-related-posts":"","theme-transparent-header-meta":"default","adv-header-id-meta":"","stick-header-meta":"","header-above-stick-meta":"","header-main-stick-meta":"","header-below-stick-meta":"","astra-migrate-meta-layouts":"set","ast-page-background-enabled":"default","ast-page-background-meta":{"desktop":{"background-color":"","background-image":"","background-repeat":"repeat","background-position":"center center","background-size":"auto","background-attachment":"scroll","background-type":"","background-media":"","overlay-type":"","overlay-color":"","overlay-opacity":"","overlay-gradient":""},"tablet":{"background-color":"","background-image":"","background-repeat":"repeat","background-position":"center center","background-size":"auto","background-attachment":"scroll","background-type":"","background-media":"","overlay-type":"","overlay-color":"","overlay-opacity":"","overlay-gradient":""},"mobile":{"background-color":"","background-image":"","background-repeat":"repeat","background-position":"center center","background-size":"auto","background-attachment":"scroll","background-type":"","background-media":"","overlay-type":"","overlay-color":"","overlay-opacity":"","overlay-gradient":""}},"ast-content-background-meta":{"desktop":{"background-color":"var(--ast-global-color-5)","background-image":"","background-repeat":"repeat","background-position":"center center","background-size":"auto","background-attachment":"scroll","background-type":"","background-media":"","overlay-type":"","overlay-color":"","overlay-opacity":"","overlay-gradient":""},"tablet":{"background-color":"var(--ast-global-color-5)","background-image":"","background-repeat":"repeat","background-position":"center center","background-size":"auto","background-attachment":"scroll","background-type":"","background-media":"","overlay-type":"","overlay-color":"","overlay-opacity":"","overlay-gradient":""},"mobile":{"background-color":"var(--ast-global-color-5)","background-image":"","background-repeat":"repeat","background-position":"center center","background-size":"auto","background-attachment":"scroll","background-type":"","background-media":"","overlay-type":"","overlay-color":"","overlay-opacity":"","overlay-gradient":""}}},"product_cat":[44],"product_tag":[],"class_list":{"0":"post-1558","1":"product","2":"type-product","3":"status-publish","4":"has-post-thumbnail","6":"product_cat-livro","7":"desktop-align-left","8":"tablet-align-left","9":"mobile-align-left","11":"first","12":"instock","13":"taxable","14":"shipping-taxable","15":"purchasable","16":"product-type-simple"},"acf":[],"_links":{"self":[{"href":"https:\/\/www.krimwell-perfume.com\/pt-pt\/wp-json\/wp\/v2\/product\/1558","targetHints":{"allow":["GET"]}}],"collection":[{"href":"https:\/\/www.krimwell-perfume.com\/pt-pt\/wp-json\/wp\/v2\/product"}],"about":[{"href":"https:\/\/www.krimwell-perfume.com\/pt-pt\/wp-json\/wp\/v2\/types\/product"}],"wp:featuredmedia":[{"embeddable":true,"href":"https:\/\/www.krimwell-perfume.com\/pt-pt\/wp-json\/wp\/v2\/media\/2160"}],"wp:attachment":[{"href":"https:\/\/www.krimwell-perfume.com\/pt-pt\/wp-json\/wp\/v2\/media?parent=1558"}],"wp:term":[{"taxonomy":"product_cat","embeddable":true,"href":"https:\/\/www.krimwell-perfume.com\/pt-pt\/wp-json\/wp\/v2\/product_cat?post=1558"},{"taxonomy":"product_tag","embeddable":true,"href":"https:\/\/www.krimwell-perfume.com\/pt-pt\/wp-json\/wp\/v2\/product_tag?post=1558"}],"curies":[{"name":"wp","href":"https:\/\/api.w.org\/{rel}","templated":true}]}}