{"id":1644,"date":"2025-09-15T23:34:28","date_gmt":"2025-09-15T23:34:28","guid":{"rendered":"https:\/\/www.krimwell-perfume.com\/product\/encomendar-o-seu-proprio-perfume-privado\/"},"modified":"2026-03-30T18:27:39","modified_gmt":"2026-03-30T18:27:39","slug":"encomendar-o-seu-proprio-perfume-privado","status":"publish","type":"product","link":"https:\/\/www.krimwell-perfume.com\/pt-pt\/product\/encomendar-o-seu-proprio-perfume-privado\/","title":{"rendered":"Encomendar o seu pr\u00f3prio perfume privado"},"content":{"rendered":"<h3 data-start=\"1038\" data-end=\"1103\"><strong data-start=\"1042\" data-end=\"1101\">Perfume feito \u00e0 medida - \u00fanico, pessoal e feito \u00e0 medida<\/strong><\/h3>\n<p data-start=\"1104\" data-end=\"1139\">Uma fragr\u00e2ncia t\u00e3o \u00fanica como tu.<\/p>\n<p data-start=\"1141\" data-end=\"1378\">Na <strong data-start=\"1144\" data-end=\"1156\">Krimwell<\/strong>, criamos um perfume totalmente adaptado \u00e0 sua personalidade. Tudo o que precisamos \u00e9 de uma <strong data-start=\"1231\" data-end=\"1261\">fotografia neutra do seu rosto<\/strong> (olhos bem vis\u00edveis, sem sorriso ou express\u00e3o forte). Com base nisso, criamos um perfume que reflecte a sua ess\u00eancia.  <\/p>\n<p data-start=\"1380\" data-end=\"1401\"><strong data-start=\"1382\" data-end=\"1399\">O que recebe:<\/strong><\/p>\n<ul data-start=\"1402\" data-end=\"1523\">\n<li data-start=\"1402\" data-end=\"1434\">\n<p data-start=\"1404\" data-end=\"1434\">Uma <strong data-start=\"1406\" data-end=\"1432\">fragr\u00e2ncia personalizada<\/strong><\/p>\n<\/li>\n<li data-start=\"1435\" data-end=\"1475\">\n<p data-start=\"1437\" data-end=\"1475\">Um <strong data-start=\"1439\" data-end=\"1473\">belo frasco de perfume de 50 ml<\/strong><\/p>\n<\/li>\n<li data-start=\"1476\" data-end=\"1523\">\n<p data-start=\"1478\" data-end=\"1523\">Um perfil olfativo \u00fanico que mais ningu\u00e9m tem<\/p>\n<\/li>\n<\/ul>\n<p data-start=\"1525\" data-end=\"1570\">\ud83d\udcb6 <strong data-start=\"1528\" data-end=\"1538\">Pre\u00e7o:<\/strong> \u20ac150,-<br data-start=\"1545\" data-end=\"1548\">\ud83d\udce9 <strong data-start=\"1551\" data-end=\"1568\">Como funciona:<\/strong><\/p>\n<ol data-start=\"1571\" data-end=\"1753\">\n<li data-start=\"1571\" data-end=\"1610\">\n<p data-start=\"1574\" data-end=\"1610\">Tire uma fotografia neutra do seu rosto.<\/p>\n<\/li>\n<li data-start=\"1611\" data-end=\"1656\">\n<p data-start=\"1614\" data-end=\"1656\">Enviar a fotografia para: <strong data-start=\"1633\" data-end=\"1654\"><a class=\"decorated-link cursor-pointer\" rel=\"noopener\" data-start=\"1635\" data-end=\"1652\">jerry@krimwell.pt<\/a><\/strong><\/p>\n<\/li>\n<li data-start=\"1657\" data-end=\"1696\">\n<p data-start=\"1660\" data-end=\"1696\">Transferir o montante de <strong data-start=\"1683\" data-end=\"1693\">150,- euros<\/strong>.<\/p>\n<\/li>\n<li data-start=\"1697\" data-end=\"1753\">\n<p data-start=\"1700\" data-end=\"1753\">Receba em casa o seu <strong data-start=\"1713\" data-end=\"1742\">perfume personalizado de 50 ml<\/strong>.<\/p>\n<\/li>\n<\/ol>\n<p data-start=\"1755\" data-end=\"1866\"><strong data-start=\"1755\" data-end=\"1764\">Nota:<\/strong> A fotografia \u00e9 utilizada apenas para determinar o seu perfil olfativo e n\u00e3o ser\u00e1 guardada ou reutilizada posteriormente.<\/p>\n","protected":false},"excerpt":{"rendered":"<p><img fetchpriority=\"high\" decoding=\"async\" class=\"alignnone size-medium wp-image-1647\" src=\"https:\/\/www.krimwell-perfume.com\/wp-content\/uploads\/2025\/09\/WhatsApp-Image-2025-09-17-at-01.56.36_aca88a0b-300x300.jpg\" alt=\"\" width=\"300\" height=\"300\" srcset=\"https:\/\/www.krimwell-perfume.com\/wp-content\/uploads\/2025\/09\/WhatsApp-Image-2025-09-17-at-01.56.36_aca88a0b-300x300.jpg 300w, https:\/\/www.krimwell-perfume.com\/wp-content\/uploads\/2025\/09\/WhatsApp-Image-2025-09-17-at-01.56.36_aca88a0b-150x150.jpg 150w, https:\/\/www.krimwell-perfume.com\/wp-content\/uploads\/2025\/09\/WhatsApp-Image-2025-09-17-at-01.56.36_aca88a0b-768x768.jpg 768w, https:\/\/www.krimwell-perfume.com\/wp-content\/uploads\/2025\/09\/WhatsApp-Image-2025-09-17-at-01.56.36_aca88a0b-800x800.jpg 800w, https:\/\/www.krimwell-perfume.com\/wp-content\/uploads\/2025\/09\/WhatsApp-Image-2025-09-17-at-01.56.36_aca88a0b-100x100.jpg 100w, https:\/\/www.krimwell-perfume.com\/wp-content\/uploads\/2025\/09\/WhatsApp-Image-2025-09-17-at-01.56.36_aca88a0b.jpg 1024w\" sizes=\"(max-width: 300px) 100vw, 300px\" \/><\/p>\n<p>Um perfume pessoal s\u00f3 para si&#8230; 50 ml.<\/p>\n","protected":false},"featured_media":1648,"template":"","meta":{"_acf_changed":false,"site-sidebar-layout":"default","site-content-layout":"","ast-site-content-layout":"default","site-content-style":"default","site-sidebar-style":"default","ast-global-header-display":"","ast-banner-title-visibility":"","ast-main-header-display":"","ast-hfb-above-header-display":"","ast-hfb-below-header-display":"","ast-hfb-mobile-header-display":"","site-post-title":"","ast-breadcrumbs-content":"","ast-featured-img":"","footer-sml-layout":"","ast-disable-related-posts":"","theme-transparent-header-meta":"default","adv-header-id-meta":"","stick-header-meta":"","header-above-stick-meta":"","header-main-stick-meta":"","header-below-stick-meta":"","astra-migrate-meta-layouts":"default","ast-page-background-enabled":"default","ast-page-background-meta":{"desktop":{"background-color":"","background-image":"","background-repeat":"repeat","background-position":"center center","background-size":"auto","background-attachment":"scroll","background-type":"","background-media":"","overlay-type":"","overlay-color":"","overlay-opacity":"","overlay-gradient":""},"tablet":{"background-color":"","background-image":"","background-repeat":"repeat","background-position":"center center","background-size":"auto","background-attachment":"scroll","background-type":"","background-media":"","overlay-type":"","overlay-color":"","overlay-opacity":"","overlay-gradient":""},"mobile":{"background-color":"","background-image":"","background-repeat":"repeat","background-position":"center center","background-size":"auto","background-attachment":"scroll","background-type":"","background-media":"","overlay-type":"","overlay-color":"","overlay-opacity":"","overlay-gradient":""}},"ast-content-background-meta":{"desktop":{"background-color":"var(--ast-global-color-5)","background-image":"","background-repeat":"repeat","background-position":"center center","background-size":"auto","background-attachment":"scroll","background-type":"","background-media":"","overlay-type":"","overlay-color":"","overlay-opacity":"","overlay-gradient":""},"tablet":{"background-color":"var(--ast-global-color-5)","background-image":"","background-repeat":"repeat","background-position":"center center","background-size":"auto","background-attachment":"scroll","background-type":"","background-media":"","overlay-type":"","overlay-color":"","overlay-opacity":"","overlay-gradient":""},"mobile":{"background-color":"var(--ast-global-color-5)","background-image":"","background-repeat":"repeat","background-position":"center center","background-size":"auto","background-attachment":"scroll","background-type":"","background-media":"","overlay-type":"","overlay-color":"","overlay-opacity":"","overlay-gradient":""}}},"product_cat":[70],"product_tag":[48],"class_list":{"0":"post-1644","1":"product","2":"type-product","3":"status-publish","4":"has-post-thumbnail","6":"product_cat-edicoes-especiais","7":"product_tag-foto-personalizada-do-alfaiate","8":"desktop-align-left","9":"tablet-align-left","10":"mobile-align-left","12":"first","13":"instock","14":"sale","15":"virtual","16":"taxable","17":"purchasable","18":"product-type-simple"},"acf":[],"_links":{"self":[{"href":"https:\/\/www.krimwell-perfume.com\/pt-pt\/wp-json\/wp\/v2\/product\/1644","targetHints":{"allow":["GET"]}}],"collection":[{"href":"https:\/\/www.krimwell-perfume.com\/pt-pt\/wp-json\/wp\/v2\/product"}],"about":[{"href":"https:\/\/www.krimwell-perfume.com\/pt-pt\/wp-json\/wp\/v2\/types\/product"}],"wp:featuredmedia":[{"embeddable":true,"href":"https:\/\/www.krimwell-perfume.com\/pt-pt\/wp-json\/wp\/v2\/media\/1648"}],"wp:attachment":[{"href":"https:\/\/www.krimwell-perfume.com\/pt-pt\/wp-json\/wp\/v2\/media?parent=1644"}],"wp:term":[{"taxonomy":"product_cat","embeddable":true,"href":"https:\/\/www.krimwell-perfume.com\/pt-pt\/wp-json\/wp\/v2\/product_cat?post=1644"},{"taxonomy":"product_tag","embeddable":true,"href":"https:\/\/www.krimwell-perfume.com\/pt-pt\/wp-json\/wp\/v2\/product_tag?post=1644"}],"curies":[{"name":"wp","href":"https:\/\/api.w.org\/{rel}","templated":true}]}}