{"id":1844,"date":"2025-10-07T20:40:20","date_gmt":"2025-10-07T20:40:20","guid":{"rendered":"https:\/\/www.krimwell-perfume.com\/?post_type=product&#038;p=1844"},"modified":"2025-10-07T21:07:33","modified_gmt":"2025-10-07T21:07:33","slug":"krimwell-cadeaubon-50-euros-copy","status":"publish","type":"product","link":"https:\/\/www.krimwell-perfume.com\/pt-pt\/product\/krimwell-cadeaubon-50-euros-copy\/","title":{"rendered":"Cart\u00e3o de oferta Krimwell 100 euros"},"content":{"rendered":"<p><img fetchpriority=\"high\" decoding=\"async\" class=\"alignnone size-medium wp-image-1832\" src=\"https:\/\/www.krimwell-perfume.com\/wp-content\/uploads\/2025\/10\/Cadeaubonnen-300x175.png\" alt=\"\" width=\"300\" height=\"175\" srcset=\"https:\/\/www.krimwell-perfume.com\/wp-content\/uploads\/2025\/10\/Cadeaubonnen-300x175.png 300w, https:\/\/www.krimwell-perfume.com\/wp-content\/uploads\/2025\/10\/Cadeaubonnen-1024x598.png 1024w, https:\/\/www.krimwell-perfume.com\/wp-content\/uploads\/2025\/10\/Cadeaubonnen-768x448.png 768w, https:\/\/www.krimwell-perfume.com\/wp-content\/uploads\/2025\/10\/Cadeaubonnen-1536x897.png 1536w, https:\/\/www.krimwell-perfume.com\/wp-content\/uploads\/2025\/10\/Cadeaubonnen-800x467.png 800w, https:\/\/www.krimwell-perfume.com\/wp-content\/uploads\/2025\/10\/Cadeaubonnen-1200x701.png 1200w, https:\/\/www.krimwell-perfume.com\/wp-content\/uploads\/2025\/10\/Cadeaubonnen.png 1836w\" sizes=\"(max-width: 300px) 100vw, 300px\" \/><\/p>\n","protected":false},"excerpt":{"rendered":"<p data-start=\"119\" data-end=\"367\"><strong data-start=\"119\" data-end=\"164\">Este cart\u00e3o-presente representa um valor de 100\u20ac.<\/strong><br data-start=\"164\" data-end=\"167\">V\u00e1lido at\u00e9 <strong data-start=\"179\" data-end=\"196\">6 de abril de 2027.<\/strong><br data-start=\"196\" data-end=\"199\">Utilize o c\u00f3digo que recebe no checkout na nossa loja virtual.<br data-start=\"251\" data-end=\"254\">Os cart\u00f5es-presente est\u00e3o isentos de IVA.<br data-start=\"291\" data-end=\"294\"><a class=\"decorated-link\" href=\"https:\/\/www.krimwell-perfume.com\/shop\" target=\"_new\" rel=\"noopener\" data-start=\"297\" data-end=\"367\">\ud83c\udf10 www.krimwell-perfume.com\/shop<\/a><\/p>\n<p data-start=\"369\" data-end=\"698\"><strong data-start=\"369\" data-end=\"386\">Como funciona:<\/strong><br data-start=\"386\" data-end=\"389\">Utilize o c\u00f3digo \u00fanico ********** ao efetuar o check-out na loja virtual.<br data-start=\"453\" data-end=\"456\">Depois de selecionar os seus produtos, introduza o c\u00f3digo no campo do <em data-start=\"509\" data-end=\"537\">cart\u00e3o de oferta ou c\u00f3digo de desconto<\/em>.<br data-start=\"544\" data-end=\"547\">O valor deste cart\u00e3o de oferta ser\u00e1 automaticamente deduzido do montante total.<br data-start=\"633\" data-end=\"636\" data-is-only-node=\"\">Tamb\u00e9m pode utilizar <strong data-start=\"653\" data-end=\"676\">v\u00e1rios cart\u00f5es de oferta<\/strong> numa \u00fanica compra.<\/p>\n<p data-start=\"700\" data-end=\"945\"><strong data-start=\"700\" data-end=\"725\">Termos e Condi\u00e7\u00f5es:<\/strong><br data-start=\"725\" data-end=\"728\">N\u00e3o pode ser trocado por dinheiro.<br data-start=\"752\" data-end=\"755\">Qualquer saldo remanescente n\u00e3o ser\u00e1 reembolsado.<br data-start=\"798\" data-end=\"801\">Cada cart\u00e3o tem um c\u00f3digo \u00fanico e s\u00f3 pode ser utilizado uma vez.<br data-start=\"855\" data-end=\"858\">Por favor, guarde este cart\u00e3o\/c\u00f3digo em seguran\u00e7a; a perda ou roubo n\u00e3o d\u00e1 direito a uma substitui\u00e7\u00e3o.<\/p>\n","protected":false},"featured_media":1833,"template":"","meta":{"_acf_changed":false,"site-sidebar-layout":"default","site-content-layout":"","ast-site-content-layout":"default","site-content-style":"default","site-sidebar-style":"default","ast-global-header-display":"","ast-banner-title-visibility":"","ast-main-header-display":"","ast-hfb-above-header-display":"","ast-hfb-below-header-display":"","ast-hfb-mobile-header-display":"","site-post-title":"","ast-breadcrumbs-content":"","ast-featured-img":"","footer-sml-layout":"","ast-disable-related-posts":"","theme-transparent-header-meta":"default","adv-header-id-meta":"","stick-header-meta":"","header-above-stick-meta":"","header-main-stick-meta":"","header-below-stick-meta":"","astra-migrate-meta-layouts":"set","ast-page-background-enabled":"default","ast-page-background-meta":{"desktop":{"background-color":"","background-image":"","background-repeat":"repeat","background-position":"center center","background-size":"auto","background-attachment":"scroll","background-type":"","background-media":"","overlay-type":"","overlay-color":"","overlay-opacity":"","overlay-gradient":""},"tablet":{"background-color":"","background-image":"","background-repeat":"repeat","background-position":"center center","background-size":"auto","background-attachment":"scroll","background-type":"","background-media":"","overlay-type":"","overlay-color":"","overlay-opacity":"","overlay-gradient":""},"mobile":{"background-color":"","background-image":"","background-repeat":"repeat","background-position":"center center","background-size":"auto","background-attachment":"scroll","background-type":"","background-media":"","overlay-type":"","overlay-color":"","overlay-opacity":"","overlay-gradient":""}},"ast-content-background-meta":{"desktop":{"background-color":"var(--ast-global-color-5)","background-image":"","background-repeat":"repeat","background-position":"center center","background-size":"auto","background-attachment":"scroll","background-type":"","background-media":"","overlay-type":"","overlay-color":"","overlay-opacity":"","overlay-gradient":""},"tablet":{"background-color":"var(--ast-global-color-5)","background-image":"","background-repeat":"repeat","background-position":"center center","background-size":"auto","background-attachment":"scroll","background-type":"","background-media":"","overlay-type":"","overlay-color":"","overlay-opacity":"","overlay-gradient":""},"mobile":{"background-color":"var(--ast-global-color-5)","background-image":"","background-repeat":"repeat","background-position":"center center","background-size":"auto","background-attachment":"scroll","background-type":"","background-media":"","overlay-type":"","overlay-color":"","overlay-opacity":"","overlay-gradient":""}}},"product_cat":[60],"product_tag":[62,67,64,65,66,61,69,63,68],"class_list":{"0":"post-1844","1":"product","2":"type-product","3":"status-publish","4":"has-post-thumbnail","6":"product_cat-waardebonnen-pt-pt","7":"product_tag-bon-pt-pt","8":"product_tag-cartao-de-oferta","9":"product_tag-cupao","10":"product_tag-cupao-waardecoupon","11":"product_tag-kadobon-pt-pt","12":"product_tag-vale","13":"product_tag-vale-presente-pt-pt","14":"product_tag-waardebon-pt-pt","15":"product_tag-waardevoucher-pt-pt","16":"desktop-align-left","17":"tablet-align-left","18":"mobile-align-left","20":"first","21":"instock","22":"virtual","23":"purchasable","24":"product-type-simple"},"acf":[],"_links":{"self":[{"href":"https:\/\/www.krimwell-perfume.com\/pt-pt\/wp-json\/wp\/v2\/product\/1844","targetHints":{"allow":["GET"]}}],"collection":[{"href":"https:\/\/www.krimwell-perfume.com\/pt-pt\/wp-json\/wp\/v2\/product"}],"about":[{"href":"https:\/\/www.krimwell-perfume.com\/pt-pt\/wp-json\/wp\/v2\/types\/product"}],"wp:featuredmedia":[{"embeddable":true,"href":"https:\/\/www.krimwell-perfume.com\/pt-pt\/wp-json\/wp\/v2\/media\/1833"}],"wp:attachment":[{"href":"https:\/\/www.krimwell-perfume.com\/pt-pt\/wp-json\/wp\/v2\/media?parent=1844"}],"wp:term":[{"taxonomy":"product_cat","embeddable":true,"href":"https:\/\/www.krimwell-perfume.com\/pt-pt\/wp-json\/wp\/v2\/product_cat?post=1844"},{"taxonomy":"product_tag","embeddable":true,"href":"https:\/\/www.krimwell-perfume.com\/pt-pt\/wp-json\/wp\/v2\/product_tag?post=1844"}],"curies":[{"name":"wp","href":"https:\/\/api.w.org\/{rel}","templated":true}]}}