{"id":2061,"date":"2025-12-17T15:50:36","date_gmt":"2025-12-17T15:50:36","guid":{"rendered":"https:\/\/www.krimwell-perfume.com\/product\/doterra-air-touch\/"},"modified":"2025-12-22T18:33:14","modified_gmt":"2025-12-22T18:33:14","slug":"doterra-air-touch","status":"publish","type":"product","link":"https:\/\/www.krimwell-perfume.com\/pt-pt\/product\/doterra-air-touch\/","title":{"rendered":"Ar,Tato: desobstru\u00e7\u00e3o das vias respirat\u00f3rias, calmante, suavizante"},"content":{"rendered":"<p>Experimente os benef\u00edcios do d\u014dTERRA Air em movimento com a aplica\u00e7\u00e3o suave e r\u00e1pida do d\u014dTERRA Air Touch! Esta mistura mentolada e revigorante tem um efeito calmante e suavizante quando aplicada topicamente.<br \/>\nd\u014dTERRA Air Touch \u00e9 enriquecido com uma combina\u00e7\u00e3o de \u00f3leos destinados a ajudar a refrescar e a animar o corpo, proporcionando-lhe sensa\u00e7\u00f5es de vias respirat\u00f3rias desobstru\u00eddas.<br \/>\ntem um efeito calmante e suavizante. para ajudar a refrescar e a animar o corpo, proporcionando-lhe<br \/>\nsensa\u00e7\u00f5es de vias respirat\u00f3rias desobstru\u00eddas.  <\/p>\n","protected":false},"excerpt":{"rendered":"<p><a href=\"https:\/\/www.krimwell-perfume.com\/wp-content\/uploads\/2025\/12\/KW1-DA--e1766415482981.png\"><img decoding=\"async\" class=\"alignleft size-full wp-image-2119\" src=\"https:\/\/www.krimwell-perfume.com\/wp-content\/uploads\/2025\/12\/KW1-DA--e1766415482981.png\" alt=\"\" width=\"20\" height=\"90\"><\/a>Sensa\u00e7\u00e3o de desobstru\u00e7\u00e3o das vias respirat\u00f3rias, efeito calmante e suavizante<\/p>\n","protected":false},"featured_media":2120,"template":"","meta":{"_acf_changed":false,"site-sidebar-layout":"default","site-content-layout":"","ast-site-content-layout":"default","site-content-style":"default","site-sidebar-style":"default","ast-global-header-display":"","ast-banner-title-visibility":"","ast-main-header-display":"","ast-hfb-above-header-display":"","ast-hfb-below-header-display":"","ast-hfb-mobile-header-display":"","site-post-title":"","ast-breadcrumbs-content":"","ast-featured-img":"","footer-sml-layout":"","ast-disable-related-posts":"","theme-transparent-header-meta":"default","adv-header-id-meta":"","stick-header-meta":"","header-above-stick-meta":"","header-main-stick-meta":"","header-below-stick-meta":"","astra-migrate-meta-layouts":"default","ast-page-background-enabled":"default","ast-page-background-meta":{"desktop":{"background-color":"","background-image":"","background-repeat":"repeat","background-position":"center center","background-size":"auto","background-attachment":"scroll","background-type":"","background-media":"","overlay-type":"","overlay-color":"","overlay-opacity":"","overlay-gradient":""},"tablet":{"background-color":"","background-image":"","background-repeat":"repeat","background-position":"center center","background-size":"auto","background-attachment":"scroll","background-type":"","background-media":"","overlay-type":"","overlay-color":"","overlay-opacity":"","overlay-gradient":""},"mobile":{"background-color":"","background-image":"","background-repeat":"repeat","background-position":"center center","background-size":"auto","background-attachment":"scroll","background-type":"","background-media":"","overlay-type":"","overlay-color":"","overlay-opacity":"","overlay-gradient":""}},"ast-content-background-meta":{"desktop":{"background-color":"var(--ast-global-color-5)","background-image":"","background-repeat":"repeat","background-position":"center center","background-size":"auto","background-attachment":"scroll","background-type":"","background-media":"","overlay-type":"","overlay-color":"","overlay-opacity":"","overlay-gradient":""},"tablet":{"background-color":"var(--ast-global-color-5)","background-image":"","background-repeat":"repeat","background-position":"center center","background-size":"auto","background-attachment":"scroll","background-type":"","background-media":"","overlay-type":"","overlay-color":"","overlay-opacity":"","overlay-gradient":""},"mobile":{"background-color":"var(--ast-global-color-5)","background-image":"","background-repeat":"repeat","background-position":"center center","background-size":"auto","background-attachment":"scroll","background-type":"","background-media":"","overlay-type":"","overlay-color":"","overlay-opacity":"","overlay-gradient":""}}},"product_cat":[28],"product_tag":[],"class_list":{"0":"post-2061","1":"product","2":"type-product","3":"status-publish","4":"has-post-thumbnail","6":"product_cat-sem-categoria","7":"desktop-align-left","8":"tablet-align-left","9":"mobile-align-left","11":"first","12":"instock","13":"taxable","14":"shipping-taxable","15":"purchasable","16":"product-type-simple"},"acf":[],"_links":{"self":[{"href":"https:\/\/www.krimwell-perfume.com\/pt-pt\/wp-json\/wp\/v2\/product\/2061","targetHints":{"allow":["GET"]}}],"collection":[{"href":"https:\/\/www.krimwell-perfume.com\/pt-pt\/wp-json\/wp\/v2\/product"}],"about":[{"href":"https:\/\/www.krimwell-perfume.com\/pt-pt\/wp-json\/wp\/v2\/types\/product"}],"wp:featuredmedia":[{"embeddable":true,"href":"https:\/\/www.krimwell-perfume.com\/pt-pt\/wp-json\/wp\/v2\/media\/2120"}],"wp:attachment":[{"href":"https:\/\/www.krimwell-perfume.com\/pt-pt\/wp-json\/wp\/v2\/media?parent=2061"}],"wp:term":[{"taxonomy":"product_cat","embeddable":true,"href":"https:\/\/www.krimwell-perfume.com\/pt-pt\/wp-json\/wp\/v2\/product_cat?post=2061"},{"taxonomy":"product_tag","embeddable":true,"href":"https:\/\/www.krimwell-perfume.com\/pt-pt\/wp-json\/wp\/v2\/product_tag?post=2061"}],"curies":[{"name":"wp","href":"https:\/\/api.w.org\/{rel}","templated":true}]}}