{"id":2142,"date":"2025-12-22T19:09:42","date_gmt":"2025-12-22T19:09:42","guid":{"rendered":"https:\/\/www.krimwell-perfume.com\/?post_type=product&#038;p=2142"},"modified":"2025-12-22T19:13:10","modified_gmt":"2025-12-22T19:13:10","slug":"paixao-toque-inspirador-coragem-alegria-copy","status":"publish","type":"product","link":"https:\/\/www.krimwell-perfume.com\/pt-pt\/product\/paixao-toque-inspirador-coragem-alegria-copy\/","title":{"rendered":"Paz, toque: Paz, contentamento, compostura, tranquilidade"},"content":{"rendered":"<p>A mistura de \u00f3leos essenciais florais e de menta d\u014dTERRA Peace Touch Reassuring \u00e9 um lembrete positivo de que n\u00e3o \u00e9 preciso ser perfeito para encontrar a paz. Abrande, respire fundo e volte a ligar-se ao seu eu composto e recolhido. Use d\u014dTERRA Peace Touch para promover<br \/>\nsentimentos de contentamento, compostura e tranquilidade. A paz come\u00e7a consigo - e com algumas gotas de d\u014dTERRA Peace Reassuring Blend.<\/p>\n","protected":false},"excerpt":{"rendered":"<p>10 ml, Touch<br \/>\nPeace, para promover sentimentos de contentamento, serenidade e tranquilidade. A paz come\u00e7a em ti -<\/p>\n","protected":false},"featured_media":2102,"template":"","meta":{"_acf_changed":false,"site-sidebar-layout":"default","site-content-layout":"","ast-site-content-layout":"default","site-content-style":"default","site-sidebar-style":"default","ast-global-header-display":"","ast-banner-title-visibility":"","ast-main-header-display":"","ast-hfb-above-header-display":"","ast-hfb-below-header-display":"","ast-hfb-mobile-header-display":"","site-post-title":"","ast-breadcrumbs-content":"","ast-featured-img":"","footer-sml-layout":"","ast-disable-related-posts":"","theme-transparent-header-meta":"default","adv-header-id-meta":"","stick-header-meta":"","header-above-stick-meta":"","header-main-stick-meta":"","header-below-stick-meta":"","astra-migrate-meta-layouts":"set","ast-page-background-enabled":"default","ast-page-background-meta":{"desktop":{"background-color":"","background-image":"","background-repeat":"repeat","background-position":"center center","background-size":"auto","background-attachment":"scroll","background-type":"","background-media":"","overlay-type":"","overlay-color":"","overlay-opacity":"","overlay-gradient":""},"tablet":{"background-color":"","background-image":"","background-repeat":"repeat","background-position":"center center","background-size":"auto","background-attachment":"scroll","background-type":"","background-media":"","overlay-type":"","overlay-color":"","overlay-opacity":"","overlay-gradient":""},"mobile":{"background-color":"","background-image":"","background-repeat":"repeat","background-position":"center center","background-size":"auto","background-attachment":"scroll","background-type":"","background-media":"","overlay-type":"","overlay-color":"","overlay-opacity":"","overlay-gradient":""}},"ast-content-background-meta":{"desktop":{"background-color":"var(--ast-global-color-5)","background-image":"","background-repeat":"repeat","background-position":"center center","background-size":"auto","background-attachment":"scroll","background-type":"","background-media":"","overlay-type":"","overlay-color":"","overlay-opacity":"","overlay-gradient":""},"tablet":{"background-color":"var(--ast-global-color-5)","background-image":"","background-repeat":"repeat","background-position":"center center","background-size":"auto","background-attachment":"scroll","background-type":"","background-media":"","overlay-type":"","overlay-color":"","overlay-opacity":"","overlay-gradient":""},"mobile":{"background-color":"var(--ast-global-color-5)","background-image":"","background-repeat":"repeat","background-position":"center center","background-size":"auto","background-attachment":"scroll","background-type":"","background-media":"","overlay-type":"","overlay-color":"","overlay-opacity":"","overlay-gradient":""}}},"product_cat":[28],"product_tag":[],"class_list":{"0":"post-2142","1":"product","2":"type-product","3":"status-publish","4":"has-post-thumbnail","6":"product_cat-sem-categoria","7":"desktop-align-left","8":"tablet-align-left","9":"mobile-align-left","11":"first","12":"instock","13":"taxable","14":"shipping-taxable","15":"purchasable","16":"product-type-simple"},"acf":[],"_links":{"self":[{"href":"https:\/\/www.krimwell-perfume.com\/pt-pt\/wp-json\/wp\/v2\/product\/2142","targetHints":{"allow":["GET"]}}],"collection":[{"href":"https:\/\/www.krimwell-perfume.com\/pt-pt\/wp-json\/wp\/v2\/product"}],"about":[{"href":"https:\/\/www.krimwell-perfume.com\/pt-pt\/wp-json\/wp\/v2\/types\/product"}],"wp:featuredmedia":[{"embeddable":true,"href":"https:\/\/www.krimwell-perfume.com\/pt-pt\/wp-json\/wp\/v2\/media\/2102"}],"wp:attachment":[{"href":"https:\/\/www.krimwell-perfume.com\/pt-pt\/wp-json\/wp\/v2\/media?parent=2142"}],"wp:term":[{"taxonomy":"product_cat","embeddable":true,"href":"https:\/\/www.krimwell-perfume.com\/pt-pt\/wp-json\/wp\/v2\/product_cat?post=2142"},{"taxonomy":"product_tag","embeddable":true,"href":"https:\/\/www.krimwell-perfume.com\/pt-pt\/wp-json\/wp\/v2\/product_tag?post=2142"}],"curies":[{"name":"wp","href":"https:\/\/api.w.org\/{rel}","templated":true}]}}