{"id":2187,"date":"2026-03-18T15:11:12","date_gmt":"2026-03-18T15:11:12","guid":{"rendered":"https:\/\/www.krimwell-perfume.com\/?post_type=product&#038;p=2187"},"modified":"2026-03-18T15:19:51","modified_gmt":"2026-03-18T15:19:51","slug":"arohaia-50ml-copy","status":"publish","type":"product","link":"https:\/\/www.krimwell-perfume.com\/pt-pt\/product\/arohaia-50ml-copy\/","title":{"rendered":"Tamaahua (50ml)"},"content":{"rendered":"<p><strong>Tamaahua<\/strong><\/p>\n<p data-start=\"211\" data-end=\"277\">Descubra Tamaahua,<br data-start=\"229\" data-end=\"232\">uma fragr\u00e2ncia de calma, car\u00e1cter e presen\u00e7a.<\/p>\n<p data-start=\"279\" data-end=\"388\">Notas frescas de especiarias abrem com clareza,<br data-start=\"315\" data-end=\"318\">seguidas por madeiras quentes e incenso<br data-start=\"352\" data-end=\"355\">trazendo equil\u00edbrio e profundidade tranquila.<\/p>\n<p data-start=\"390\" data-end=\"519\">Uma base suave de alm\u00edscar e \u00e2mbar perdura suavemente,<br data-start=\"435\" data-end=\"438\">como uma presen\u00e7a calma que d\u00e1 espa\u00e7o<br data-start=\"475\" data-end=\"478\">e deixa uma sensa\u00e7\u00e3o de confian\u00e7a tranquila.<\/p>\n","protected":false},"excerpt":{"rendered":"<p>Tamaahua Descubra Tamaahua,uma fragr\u00e2ncia de calma, car\u00e1cter e presen\u00e7a. Notas frescas de especiarias abrem com clareza,seguidas por madeiras quentes e incensotrazendo equil\u00edbrio e profundidade tranquila. Uma base suave de alm\u00edscar e \u00e2mbar perdura suavemente,como uma presen\u00e7a calma que d\u00e1 espa\u00e7oe deixa uma sensa\u00e7\u00e3o de confian\u00e7a tranquila.<\/p>\n","protected":false},"featured_media":1404,"template":"","meta":{"_acf_changed":false,"site-sidebar-layout":"default","site-content-layout":"","ast-site-content-layout":"default","site-content-style":"default","site-sidebar-style":"default","ast-global-header-display":"","ast-banner-title-visibility":"","ast-main-header-display":"","ast-hfb-above-header-display":"","ast-hfb-below-header-display":"","ast-hfb-mobile-header-display":"","site-post-title":"","ast-breadcrumbs-content":"","ast-featured-img":"","footer-sml-layout":"","ast-disable-related-posts":"","theme-transparent-header-meta":"default","adv-header-id-meta":"","stick-header-meta":"","header-above-stick-meta":"","header-main-stick-meta":"","header-below-stick-meta":"","astra-migrate-meta-layouts":"set","ast-page-background-enabled":"default","ast-page-background-meta":{"desktop":{"background-color":"","background-image":"","background-repeat":"repeat","background-position":"center center","background-size":"auto","background-attachment":"scroll","background-type":"","background-media":"","overlay-type":"","overlay-color":"","overlay-opacity":"","overlay-gradient":""},"tablet":{"background-color":"","background-image":"","background-repeat":"repeat","background-position":"center center","background-size":"auto","background-attachment":"scroll","background-type":"","background-media":"","overlay-type":"","overlay-color":"","overlay-opacity":"","overlay-gradient":""},"mobile":{"background-color":"","background-image":"","background-repeat":"repeat","background-position":"center center","background-size":"auto","background-attachment":"scroll","background-type":"","background-media":"","overlay-type":"","overlay-color":"","overlay-opacity":"","overlay-gradient":""}},"ast-content-background-meta":{"desktop":{"background-color":"var(--ast-global-color-5)","background-image":"","background-repeat":"repeat","background-position":"center center","background-size":"auto","background-attachment":"scroll","background-type":"","background-media":"","overlay-type":"","overlay-color":"","overlay-opacity":"","overlay-gradient":""},"tablet":{"background-color":"var(--ast-global-color-5)","background-image":"","background-repeat":"repeat","background-position":"center center","background-size":"auto","background-attachment":"scroll","background-type":"","background-media":"","overlay-type":"","overlay-color":"","overlay-opacity":"","overlay-gradient":""},"mobile":{"background-color":"var(--ast-global-color-5)","background-image":"","background-repeat":"repeat","background-position":"center center","background-size":"auto","background-attachment":"scroll","background-type":"","background-media":"","overlay-type":"","overlay-color":"","overlay-opacity":"","overlay-gradient":""}}},"product_cat":[29],"product_tag":[],"class_list":{"0":"post-2187","1":"product","2":"type-product","3":"status-publish","4":"has-post-thumbnail","6":"product_cat-perfume-pt-pt","7":"product_shipping_class-50ml-pt-pt","8":"desktop-align-left","9":"tablet-align-left","10":"mobile-align-left","12":"first","13":"instock","14":"taxable","15":"shipping-taxable","16":"purchasable","17":"product-type-simple"},"acf":[],"_links":{"self":[{"href":"https:\/\/www.krimwell-perfume.com\/pt-pt\/wp-json\/wp\/v2\/product\/2187","targetHints":{"allow":["GET"]}}],"collection":[{"href":"https:\/\/www.krimwell-perfume.com\/pt-pt\/wp-json\/wp\/v2\/product"}],"about":[{"href":"https:\/\/www.krimwell-perfume.com\/pt-pt\/wp-json\/wp\/v2\/types\/product"}],"wp:featuredmedia":[{"embeddable":true,"href":"https:\/\/www.krimwell-perfume.com\/pt-pt\/wp-json\/wp\/v2\/media\/1404"}],"wp:attachment":[{"href":"https:\/\/www.krimwell-perfume.com\/pt-pt\/wp-json\/wp\/v2\/media?parent=2187"}],"wp:term":[{"taxonomy":"product_cat","embeddable":true,"href":"https:\/\/www.krimwell-perfume.com\/pt-pt\/wp-json\/wp\/v2\/product_cat?post=2187"},{"taxonomy":"product_tag","embeddable":true,"href":"https:\/\/www.krimwell-perfume.com\/pt-pt\/wp-json\/wp\/v2\/product_tag?post=2187"}],"curies":[{"name":"wp","href":"https:\/\/api.w.org\/{rel}","templated":true}]}}